{"id":64,"date":"2023-10-13T00:25:21","date_gmt":"2023-10-12T22:25:21","guid":{"rendered":"https:\/\/lareinadelosponis.com\/?page_id=64"},"modified":"2023-10-14T22:08:00","modified_gmt":"2023-10-14T20:08:00","slug":"equipo-de-competicion","status":"publish","type":"page","link":"https:\/\/lareinadelosponis.com\/index.php\/equipo-de-competicion\/","title":{"rendered":"Equipo de competici\u00f3n"},"content":{"rendered":"\n<p class=\"has-text-align-left has-medium-font-size\">Es en la competici\u00f3n h\u00edpica  cuando nuestros alumnos ponen en pr\u00e1ctica las habilidades que adquieren en las clases semanales. Tanto si te gusta el salto de obst\u00e1culos como si te gusta la doma&nbsp;cl\u00e1sica:<\/p>\n\n\n\n<p class=\"has-text-align-left has-medium-font-size\">\u00a1\u00danete al Team ganador de \u00abLa Reina de los ponis\u00bb!<\/p>\n","protected":false},"excerpt":{"rendered":"<p>Es en la competici\u00f3n h\u00edpica cuando nuestros alumnos ponen en pr\u00e1ctica las habilidades que adquieren en las clases semanales. Tanto si te gusta el salto de obst\u00e1culos como si te&#8230;<\/p>\n","protected":false},"author":1,"featured_media":65,"parent":0,"menu_order":0,"comment_status":"closed","ping_status":"open","template":"","meta":{"footnotes":""},"class_list":["post-64","page","type-page","status-publish","has-post-thumbnail","hentry"],"aioseo_notices":[],"yoast_head":"<!-- This site is optimized with the Yoast SEO plugin v26.8 - https:\/\/yoast.com\/product\/yoast-seo-wordpress\/ -->\n<title>Equipo de competici\u00f3n - La Reina de los Ponis<\/title>\n<meta name=\"robots\" content=\"index, follow, max-snippet:-1, max-image-preview:large, max-video-preview:-1\" \/>\n<link rel=\"canonical\" href=\"https:\/\/lareinadelosponis.com\/index.php\/equipo-de-competicion\/\" \/>\n<meta property=\"og:locale\" content=\"es_ES\" \/>\n<meta property=\"og:type\" content=\"article\" \/>\n<meta property=\"og:title\" content=\"Equipo de competici\u00f3n - La Reina de los Ponis\" \/>\n<meta property=\"og:description\" content=\"Es en la competici\u00f3n h\u00edpica cuando nuestros alumnos ponen en pr\u00e1ctica las habilidades que adquieren en las clases semanales. Tanto si te gusta el salto de obst\u00e1culos como si te...\" \/>\n<meta property=\"og:url\" content=\"https:\/\/lareinadelosponis.com\/index.php\/equipo-de-competicion\/\" \/>\n<meta property=\"og:site_name\" content=\"La Reina de los Ponis\" \/>\n<meta property=\"article:publisher\" content=\"https:\/\/www.facebook.com\/profile.php?id=100063868099753&amp;locale=es_ES\" \/>\n<meta property=\"article:modified_time\" content=\"2023-10-14T20:08:00+00:00\" \/>\n<meta property=\"og:image\" content=\"https:\/\/i0.wp.com\/lareinadelosponis.com\/wp-content\/uploads\/2023\/10\/Imagen-de-WhatsApp-2023-09-25-a-las-16.35.39_fe99a93e.jpg?fit=768%2C1024&ssl=1\" \/>\n\t<meta property=\"og:image:width\" content=\"768\" \/>\n\t<meta property=\"og:image:height\" content=\"1024\" \/>\n\t<meta property=\"og:image:type\" content=\"image\/jpeg\" \/>\n<meta name=\"twitter:card\" content=\"summary_large_image\" \/>\n<script type=\"application\/ld+json\" class=\"yoast-schema-graph\">{\"@context\":\"https:\/\/schema.org\",\"@graph\":[{\"@type\":\"Article\",\"@id\":\"https:\/\/lareinadelosponis.com\/index.php\/equipo-de-competicion\/#article\",\"isPartOf\":{\"@id\":\"https:\/\/lareinadelosponis.com\/index.php\/equipo-de-competicion\/\"},\"author\":{\"name\":\"lareinadelosponis.com\",\"@id\":\"https:\/\/lareinadelosponis.com\/#\/schema\/person\/5ef8308e3e33229ecdd0e45547698e29\"},\"headline\":\"Equipo de competici\u00f3n\",\"datePublished\":\"2023-10-12T22:25:21+00:00\",\"dateModified\":\"2023-10-14T20:08:00+00:00\",\"mainEntityOfPage\":{\"@id\":\"https:\/\/lareinadelosponis.com\/index.php\/equipo-de-competicion\/\"},\"wordCount\":54,\"publisher\":{\"@id\":\"https:\/\/lareinadelosponis.com\/#organization\"},\"image\":{\"@id\":\"https:\/\/lareinadelosponis.com\/index.php\/equipo-de-competicion\/#primaryimage\"},\"thumbnailUrl\":\"https:\/\/lareinadelosponis.com\/wp-content\/uploads\/2023\/10\/Imagen-de-WhatsApp-2023-09-25-a-las-16.35.39_fe99a93e.jpg\",\"inLanguage\":\"es\"},{\"@type\":\"WebPage\",\"@id\":\"https:\/\/lareinadelosponis.com\/index.php\/equipo-de-competicion\/\",\"url\":\"https:\/\/lareinadelosponis.com\/index.php\/equipo-de-competicion\/\",\"name\":\"Equipo de competici\u00f3n - La Reina de los Ponis\",\"isPartOf\":{\"@id\":\"https:\/\/lareinadelosponis.com\/#website\"},\"primaryImageOfPage\":{\"@id\":\"https:\/\/lareinadelosponis.com\/index.php\/equipo-de-competicion\/#primaryimage\"},\"image\":{\"@id\":\"https:\/\/lareinadelosponis.com\/index.php\/equipo-de-competicion\/#primaryimage\"},\"thumbnailUrl\":\"https:\/\/lareinadelosponis.com\/wp-content\/uploads\/2023\/10\/Imagen-de-WhatsApp-2023-09-25-a-las-16.35.39_fe99a93e.jpg\",\"datePublished\":\"2023-10-12T22:25:21+00:00\",\"dateModified\":\"2023-10-14T20:08:00+00:00\",\"breadcrumb\":{\"@id\":\"https:\/\/lareinadelosponis.com\/index.php\/equipo-de-competicion\/#breadcrumb\"},\"inLanguage\":\"es\",\"potentialAction\":[{\"@type\":\"ReadAction\",\"target\":[\"https:\/\/lareinadelosponis.com\/index.php\/equipo-de-competicion\/\"]}]},{\"@type\":\"ImageObject\",\"inLanguage\":\"es\",\"@id\":\"https:\/\/lareinadelosponis.com\/index.php\/equipo-de-competicion\/#primaryimage\",\"url\":\"https:\/\/lareinadelosponis.com\/wp-content\/uploads\/2023\/10\/Imagen-de-WhatsApp-2023-09-25-a-las-16.35.39_fe99a93e.jpg\",\"contentUrl\":\"https:\/\/lareinadelosponis.com\/wp-content\/uploads\/2023\/10\/Imagen-de-WhatsApp-2023-09-25-a-las-16.35.39_fe99a93e.jpg\",\"width\":768,\"height\":1024},{\"@type\":\"BreadcrumbList\",\"@id\":\"https:\/\/lareinadelosponis.com\/index.php\/equipo-de-competicion\/#breadcrumb\",\"itemListElement\":[{\"@type\":\"ListItem\",\"position\":1,\"name\":\"Portada\",\"item\":\"https:\/\/lareinadelosponis.com\/\"},{\"@type\":\"ListItem\",\"position\":2,\"name\":\"Equipo de competici\u00f3n\"}]},{\"@type\":\"WebSite\",\"@id\":\"https:\/\/lareinadelosponis.com\/#website\",\"url\":\"https:\/\/lareinadelosponis.com\/\",\"name\":\"La Reina de los Ponis\",\"description\":\"Escuela de Equitaci\u00f3n La Reina de Los Ponis\",\"publisher\":{\"@id\":\"https:\/\/lareinadelosponis.com\/#organization\"},\"alternateName\":\"Escuela de Equitaci\u00f3n La Reina de Los Ponis\",\"potentialAction\":[{\"@type\":\"SearchAction\",\"target\":{\"@type\":\"EntryPoint\",\"urlTemplate\":\"https:\/\/lareinadelosponis.com\/?s={search_term_string}\"},\"query-input\":{\"@type\":\"PropertyValueSpecification\",\"valueRequired\":true,\"valueName\":\"search_term_string\"}}],\"inLanguage\":\"es\"},{\"@type\":\"Organization\",\"@id\":\"https:\/\/lareinadelosponis.com\/#organization\",\"name\":\"Esceuela de Equitaci\u00f3n La Reina de los Ponis\",\"alternateName\":\"La Reina de los Ponis\",\"url\":\"https:\/\/lareinadelosponis.com\/\",\"logo\":{\"@type\":\"ImageObject\",\"inLanguage\":\"es\",\"@id\":\"https:\/\/lareinadelosponis.com\/#\/schema\/logo\/image\/\",\"url\":\"https:\/\/lareinadelosponis.com\/wp-content\/uploads\/2023\/10\/cropped-Diseno-sin-titulo-1.png\",\"contentUrl\":\"https:\/\/lareinadelosponis.com\/wp-content\/uploads\/2023\/10\/cropped-Diseno-sin-titulo-1.png\",\"width\":344,\"height\":344,\"caption\":\"Esceuela de Equitaci\u00f3n La Reina de los Ponis\"},\"image\":{\"@id\":\"https:\/\/lareinadelosponis.com\/#\/schema\/logo\/image\/\"},\"sameAs\":[\"https:\/\/www.facebook.com\/profile.php?id=100063868099753&locale=es_ES\",\"https:\/\/www.instagram.com\/lareinadelosponis\/\"]},{\"@type\":\"Person\",\"@id\":\"https:\/\/lareinadelosponis.com\/#\/schema\/person\/5ef8308e3e33229ecdd0e45547698e29\",\"name\":\"lareinadelosponis.com\",\"image\":{\"@type\":\"ImageObject\",\"inLanguage\":\"es\",\"@id\":\"https:\/\/lareinadelosponis.com\/#\/schema\/person\/image\/\",\"url\":\"https:\/\/secure.gravatar.com\/avatar\/8137c35a2e57c60a30f51559b245c99f?s=96&d=mm&r=g\",\"contentUrl\":\"https:\/\/secure.gravatar.com\/avatar\/8137c35a2e57c60a30f51559b245c99f?s=96&d=mm&r=g\",\"caption\":\"lareinadelosponis.com\"},\"sameAs\":[\"http:\/\/lareinadelosponis.com\"],\"url\":\"https:\/\/lareinadelosponis.com\/index.php\/author\/lareinadelosponis-com\/\"}]}<\/script>\n<!-- \/ Yoast SEO plugin. -->","yoast_head_json":{"title":"Equipo de competici\u00f3n - La Reina de los Ponis","robots":{"index":"index","follow":"follow","max-snippet":"max-snippet:-1","max-image-preview":"max-image-preview:large","max-video-preview":"max-video-preview:-1"},"canonical":"https:\/\/lareinadelosponis.com\/index.php\/equipo-de-competicion\/","og_locale":"es_ES","og_type":"article","og_title":"Equipo de competici\u00f3n - La Reina de los Ponis","og_description":"Es en la competici\u00f3n h\u00edpica cuando nuestros alumnos ponen en pr\u00e1ctica las habilidades que adquieren en las clases semanales. Tanto si te gusta el salto de obst\u00e1culos como si te...","og_url":"https:\/\/lareinadelosponis.com\/index.php\/equipo-de-competicion\/","og_site_name":"La Reina de los Ponis","article_publisher":"https:\/\/www.facebook.com\/profile.php?id=100063868099753&locale=es_ES","article_modified_time":"2023-10-14T20:08:00+00:00","og_image":[{"width":768,"height":1024,"url":"https:\/\/i0.wp.com\/lareinadelosponis.com\/wp-content\/uploads\/2023\/10\/Imagen-de-WhatsApp-2023-09-25-a-las-16.35.39_fe99a93e.jpg?fit=768%2C1024&ssl=1","type":"image\/jpeg"}],"twitter_card":"summary_large_image","schema":{"@context":"https:\/\/schema.org","@graph":[{"@type":"Article","@id":"https:\/\/lareinadelosponis.com\/index.php\/equipo-de-competicion\/#article","isPartOf":{"@id":"https:\/\/lareinadelosponis.com\/index.php\/equipo-de-competicion\/"},"author":{"name":"lareinadelosponis.com","@id":"https:\/\/lareinadelosponis.com\/#\/schema\/person\/5ef8308e3e33229ecdd0e45547698e29"},"headline":"Equipo de competici\u00f3n","datePublished":"2023-10-12T22:25:21+00:00","dateModified":"2023-10-14T20:08:00+00:00","mainEntityOfPage":{"@id":"https:\/\/lareinadelosponis.com\/index.php\/equipo-de-competicion\/"},"wordCount":54,"publisher":{"@id":"https:\/\/lareinadelosponis.com\/#organization"},"image":{"@id":"https:\/\/lareinadelosponis.com\/index.php\/equipo-de-competicion\/#primaryimage"},"thumbnailUrl":"https:\/\/lareinadelosponis.com\/wp-content\/uploads\/2023\/10\/Imagen-de-WhatsApp-2023-09-25-a-las-16.35.39_fe99a93e.jpg","inLanguage":"es"},{"@type":"WebPage","@id":"https:\/\/lareinadelosponis.com\/index.php\/equipo-de-competicion\/","url":"https:\/\/lareinadelosponis.com\/index.php\/equipo-de-competicion\/","name":"Equipo de competici\u00f3n - La Reina de los Ponis","isPartOf":{"@id":"https:\/\/lareinadelosponis.com\/#website"},"primaryImageOfPage":{"@id":"https:\/\/lareinadelosponis.com\/index.php\/equipo-de-competicion\/#primaryimage"},"image":{"@id":"https:\/\/lareinadelosponis.com\/index.php\/equipo-de-competicion\/#primaryimage"},"thumbnailUrl":"https:\/\/lareinadelosponis.com\/wp-content\/uploads\/2023\/10\/Imagen-de-WhatsApp-2023-09-25-a-las-16.35.39_fe99a93e.jpg","datePublished":"2023-10-12T22:25:21+00:00","dateModified":"2023-10-14T20:08:00+00:00","breadcrumb":{"@id":"https:\/\/lareinadelosponis.com\/index.php\/equipo-de-competicion\/#breadcrumb"},"inLanguage":"es","potentialAction":[{"@type":"ReadAction","target":["https:\/\/lareinadelosponis.com\/index.php\/equipo-de-competicion\/"]}]},{"@type":"ImageObject","inLanguage":"es","@id":"https:\/\/lareinadelosponis.com\/index.php\/equipo-de-competicion\/#primaryimage","url":"https:\/\/lareinadelosponis.com\/wp-content\/uploads\/2023\/10\/Imagen-de-WhatsApp-2023-09-25-a-las-16.35.39_fe99a93e.jpg","contentUrl":"https:\/\/lareinadelosponis.com\/wp-content\/uploads\/2023\/10\/Imagen-de-WhatsApp-2023-09-25-a-las-16.35.39_fe99a93e.jpg","width":768,"height":1024},{"@type":"BreadcrumbList","@id":"https:\/\/lareinadelosponis.com\/index.php\/equipo-de-competicion\/#breadcrumb","itemListElement":[{"@type":"ListItem","position":1,"name":"Portada","item":"https:\/\/lareinadelosponis.com\/"},{"@type":"ListItem","position":2,"name":"Equipo de competici\u00f3n"}]},{"@type":"WebSite","@id":"https:\/\/lareinadelosponis.com\/#website","url":"https:\/\/lareinadelosponis.com\/","name":"La Reina de los Ponis","description":"Escuela de Equitaci\u00f3n La Reina de Los Ponis","publisher":{"@id":"https:\/\/lareinadelosponis.com\/#organization"},"alternateName":"Escuela de Equitaci\u00f3n La Reina de Los Ponis","potentialAction":[{"@type":"SearchAction","target":{"@type":"EntryPoint","urlTemplate":"https:\/\/lareinadelosponis.com\/?s={search_term_string}"},"query-input":{"@type":"PropertyValueSpecification","valueRequired":true,"valueName":"search_term_string"}}],"inLanguage":"es"},{"@type":"Organization","@id":"https:\/\/lareinadelosponis.com\/#organization","name":"Esceuela de Equitaci\u00f3n La Reina de los Ponis","alternateName":"La Reina de los Ponis","url":"https:\/\/lareinadelosponis.com\/","logo":{"@type":"ImageObject","inLanguage":"es","@id":"https:\/\/lareinadelosponis.com\/#\/schema\/logo\/image\/","url":"https:\/\/lareinadelosponis.com\/wp-content\/uploads\/2023\/10\/cropped-Diseno-sin-titulo-1.png","contentUrl":"https:\/\/lareinadelosponis.com\/wp-content\/uploads\/2023\/10\/cropped-Diseno-sin-titulo-1.png","width":344,"height":344,"caption":"Esceuela de Equitaci\u00f3n La Reina de los Ponis"},"image":{"@id":"https:\/\/lareinadelosponis.com\/#\/schema\/logo\/image\/"},"sameAs":["https:\/\/www.facebook.com\/profile.php?id=100063868099753&locale=es_ES","https:\/\/www.instagram.com\/lareinadelosponis\/"]},{"@type":"Person","@id":"https:\/\/lareinadelosponis.com\/#\/schema\/person\/5ef8308e3e33229ecdd0e45547698e29","name":"lareinadelosponis.com","image":{"@type":"ImageObject","inLanguage":"es","@id":"https:\/\/lareinadelosponis.com\/#\/schema\/person\/image\/","url":"https:\/\/secure.gravatar.com\/avatar\/8137c35a2e57c60a30f51559b245c99f?s=96&d=mm&r=g","contentUrl":"https:\/\/secure.gravatar.com\/avatar\/8137c35a2e57c60a30f51559b245c99f?s=96&d=mm&r=g","caption":"lareinadelosponis.com"},"sameAs":["http:\/\/lareinadelosponis.com"],"url":"https:\/\/lareinadelosponis.com\/index.php\/author\/lareinadelosponis-com\/"}]}},"_links":{"self":[{"href":"https:\/\/lareinadelosponis.com\/index.php\/wp-json\/wp\/v2\/pages\/64","targetHints":{"allow":["GET"]}}],"collection":[{"href":"https:\/\/lareinadelosponis.com\/index.php\/wp-json\/wp\/v2\/pages"}],"about":[{"href":"https:\/\/lareinadelosponis.com\/index.php\/wp-json\/wp\/v2\/types\/page"}],"author":[{"embeddable":true,"href":"https:\/\/lareinadelosponis.com\/index.php\/wp-json\/wp\/v2\/users\/1"}],"replies":[{"embeddable":true,"href":"https:\/\/lareinadelosponis.com\/index.php\/wp-json\/wp\/v2\/comments?post=64"}],"version-history":[{"count":7,"href":"https:\/\/lareinadelosponis.com\/index.php\/wp-json\/wp\/v2\/pages\/64\/revisions"}],"predecessor-version":[{"id":199,"href":"https:\/\/lareinadelosponis.com\/index.php\/wp-json\/wp\/v2\/pages\/64\/revisions\/199"}],"wp:featuredmedia":[{"embeddable":true,"href":"https:\/\/lareinadelosponis.com\/index.php\/wp-json\/wp\/v2\/media\/65"}],"wp:attachment":[{"href":"https:\/\/lareinadelosponis.com\/index.php\/wp-json\/wp\/v2\/media?parent=64"}],"curies":[{"name":"wp","href":"https:\/\/api.w.org\/{rel}","templated":true}]}}