{"id":70,"date":"2023-10-13T00:29:36","date_gmt":"2023-10-12T22:29:36","guid":{"rendered":"https:\/\/lareinadelosponis.com\/?page_id=70"},"modified":"2023-10-14T22:07:09","modified_gmt":"2023-10-14T20:07:09","slug":"colonias","status":"publish","type":"page","link":"https:\/\/lareinadelosponis.com\/index.php\/colonias\/","title":{"rendered":"Colonias"},"content":{"rendered":"\n<p class=\"has-text-align-center has-medium-font-size\">Las colonias son la mejor opci\u00f3n para los per\u00edodos vacacionales de ni\u00f1os y j\u00f3venes. En nuestras colonias disfrutar\u00e1n de unos d\u00edas inolvidables con un variado programa de actividades deportivas y de tiempo libre; clases de equitaci\u00f3n, cuidados del caballo, juegos deportivos, talleres y manualidades.<\/p>\n","protected":false},"excerpt":{"rendered":"<p>Las colonias son la mejor opci\u00f3n para los per\u00edodos vacacionales de ni\u00f1os y j\u00f3venes. En nuestras colonias disfrutar\u00e1n de unos d\u00edas inolvidables con un variado programa de actividades deportivas y&#8230;<\/p>\n","protected":false},"author":1,"featured_media":71,"parent":0,"menu_order":0,"comment_status":"closed","ping_status":"closed","template":"","meta":{"footnotes":""},"class_list":["post-70","page","type-page","status-publish","has-post-thumbnail","hentry"],"aioseo_notices":[],"yoast_head":"<!-- This site is optimized with the Yoast SEO plugin v26.8 - https:\/\/yoast.com\/product\/yoast-seo-wordpress\/ -->\n<title>Colonias - La Reina de los Ponis<\/title>\n<meta name=\"robots\" content=\"index, follow, max-snippet:-1, max-image-preview:large, max-video-preview:-1\" \/>\n<link rel=\"canonical\" href=\"https:\/\/lareinadelosponis.com\/index.php\/colonias\/\" \/>\n<meta property=\"og:locale\" content=\"es_ES\" \/>\n<meta property=\"og:type\" content=\"article\" \/>\n<meta property=\"og:title\" content=\"Colonias - La Reina de los Ponis\" \/>\n<meta property=\"og:description\" content=\"Las colonias son la mejor opci\u00f3n para los per\u00edodos vacacionales de ni\u00f1os y j\u00f3venes. En nuestras colonias disfrutar\u00e1n de unos d\u00edas inolvidables con un variado programa de actividades deportivas y...\" \/>\n<meta property=\"og:url\" content=\"https:\/\/lareinadelosponis.com\/index.php\/colonias\/\" \/>\n<meta property=\"og:site_name\" content=\"La Reina de los Ponis\" \/>\n<meta property=\"article:publisher\" content=\"https:\/\/www.facebook.com\/profile.php?id=100063868099753&amp;locale=es_ES\" \/>\n<meta property=\"article:modified_time\" content=\"2023-10-14T20:07:09+00:00\" \/>\n<meta property=\"og:image\" content=\"https:\/\/i0.wp.com\/lareinadelosponis.com\/wp-content\/uploads\/2023\/10\/Captura-de-pantalla-2023-10-11-003854.png?fit=935%2C725&ssl=1\" \/>\n\t<meta property=\"og:image:width\" content=\"935\" \/>\n\t<meta property=\"og:image:height\" content=\"725\" \/>\n\t<meta property=\"og:image:type\" content=\"image\/png\" \/>\n<meta name=\"twitter:card\" content=\"summary_large_image\" \/>\n<script type=\"application\/ld+json\" class=\"yoast-schema-graph\">{\"@context\":\"https:\/\/schema.org\",\"@graph\":[{\"@type\":\"Article\",\"@id\":\"https:\/\/lareinadelosponis.com\/index.php\/colonias\/#article\",\"isPartOf\":{\"@id\":\"https:\/\/lareinadelosponis.com\/index.php\/colonias\/\"},\"author\":{\"name\":\"lareinadelosponis.com\",\"@id\":\"https:\/\/lareinadelosponis.com\/#\/schema\/person\/5ef8308e3e33229ecdd0e45547698e29\"},\"headline\":\"Colonias\",\"datePublished\":\"2023-10-12T22:29:36+00:00\",\"dateModified\":\"2023-10-14T20:07:09+00:00\",\"mainEntityOfPage\":{\"@id\":\"https:\/\/lareinadelosponis.com\/index.php\/colonias\/\"},\"wordCount\":52,\"publisher\":{\"@id\":\"https:\/\/lareinadelosponis.com\/#organization\"},\"image\":{\"@id\":\"https:\/\/lareinadelosponis.com\/index.php\/colonias\/#primaryimage\"},\"thumbnailUrl\":\"https:\/\/lareinadelosponis.com\/wp-content\/uploads\/2023\/10\/Captura-de-pantalla-2023-10-11-003854.png\",\"inLanguage\":\"es\"},{\"@type\":\"WebPage\",\"@id\":\"https:\/\/lareinadelosponis.com\/index.php\/colonias\/\",\"url\":\"https:\/\/lareinadelosponis.com\/index.php\/colonias\/\",\"name\":\"Colonias - La Reina de los Ponis\",\"isPartOf\":{\"@id\":\"https:\/\/lareinadelosponis.com\/#website\"},\"primaryImageOfPage\":{\"@id\":\"https:\/\/lareinadelosponis.com\/index.php\/colonias\/#primaryimage\"},\"image\":{\"@id\":\"https:\/\/lareinadelosponis.com\/index.php\/colonias\/#primaryimage\"},\"thumbnailUrl\":\"https:\/\/lareinadelosponis.com\/wp-content\/uploads\/2023\/10\/Captura-de-pantalla-2023-10-11-003854.png\",\"datePublished\":\"2023-10-12T22:29:36+00:00\",\"dateModified\":\"2023-10-14T20:07:09+00:00\",\"breadcrumb\":{\"@id\":\"https:\/\/lareinadelosponis.com\/index.php\/colonias\/#breadcrumb\"},\"inLanguage\":\"es\",\"potentialAction\":[{\"@type\":\"ReadAction\",\"target\":[\"https:\/\/lareinadelosponis.com\/index.php\/colonias\/\"]}]},{\"@type\":\"ImageObject\",\"inLanguage\":\"es\",\"@id\":\"https:\/\/lareinadelosponis.com\/index.php\/colonias\/#primaryimage\",\"url\":\"https:\/\/lareinadelosponis.com\/wp-content\/uploads\/2023\/10\/Captura-de-pantalla-2023-10-11-003854.png\",\"contentUrl\":\"https:\/\/lareinadelosponis.com\/wp-content\/uploads\/2023\/10\/Captura-de-pantalla-2023-10-11-003854.png\",\"width\":935,\"height\":725},{\"@type\":\"BreadcrumbList\",\"@id\":\"https:\/\/lareinadelosponis.com\/index.php\/colonias\/#breadcrumb\",\"itemListElement\":[{\"@type\":\"ListItem\",\"position\":1,\"name\":\"Portada\",\"item\":\"https:\/\/lareinadelosponis.com\/\"},{\"@type\":\"ListItem\",\"position\":2,\"name\":\"Colonias\"}]},{\"@type\":\"WebSite\",\"@id\":\"https:\/\/lareinadelosponis.com\/#website\",\"url\":\"https:\/\/lareinadelosponis.com\/\",\"name\":\"La Reina de los Ponis\",\"description\":\"Escuela de Equitaci\u00f3n La Reina de Los Ponis\",\"publisher\":{\"@id\":\"https:\/\/lareinadelosponis.com\/#organization\"},\"alternateName\":\"Escuela de Equitaci\u00f3n La Reina de Los Ponis\",\"potentialAction\":[{\"@type\":\"SearchAction\",\"target\":{\"@type\":\"EntryPoint\",\"urlTemplate\":\"https:\/\/lareinadelosponis.com\/?s={search_term_string}\"},\"query-input\":{\"@type\":\"PropertyValueSpecification\",\"valueRequired\":true,\"valueName\":\"search_term_string\"}}],\"inLanguage\":\"es\"},{\"@type\":\"Organization\",\"@id\":\"https:\/\/lareinadelosponis.com\/#organization\",\"name\":\"Esceuela de Equitaci\u00f3n La Reina de los Ponis\",\"alternateName\":\"La Reina de los Ponis\",\"url\":\"https:\/\/lareinadelosponis.com\/\",\"logo\":{\"@type\":\"ImageObject\",\"inLanguage\":\"es\",\"@id\":\"https:\/\/lareinadelosponis.com\/#\/schema\/logo\/image\/\",\"url\":\"https:\/\/lareinadelosponis.com\/wp-content\/uploads\/2023\/10\/cropped-Diseno-sin-titulo-1.png\",\"contentUrl\":\"https:\/\/lareinadelosponis.com\/wp-content\/uploads\/2023\/10\/cropped-Diseno-sin-titulo-1.png\",\"width\":344,\"height\":344,\"caption\":\"Esceuela de Equitaci\u00f3n La Reina de los Ponis\"},\"image\":{\"@id\":\"https:\/\/lareinadelosponis.com\/#\/schema\/logo\/image\/\"},\"sameAs\":[\"https:\/\/www.facebook.com\/profile.php?id=100063868099753&locale=es_ES\",\"https:\/\/www.instagram.com\/lareinadelosponis\/\"]},{\"@type\":\"Person\",\"@id\":\"https:\/\/lareinadelosponis.com\/#\/schema\/person\/5ef8308e3e33229ecdd0e45547698e29\",\"name\":\"lareinadelosponis.com\",\"image\":{\"@type\":\"ImageObject\",\"inLanguage\":\"es\",\"@id\":\"https:\/\/lareinadelosponis.com\/#\/schema\/person\/image\/\",\"url\":\"https:\/\/secure.gravatar.com\/avatar\/8137c35a2e57c60a30f51559b245c99f?s=96&d=mm&r=g\",\"contentUrl\":\"https:\/\/secure.gravatar.com\/avatar\/8137c35a2e57c60a30f51559b245c99f?s=96&d=mm&r=g\",\"caption\":\"lareinadelosponis.com\"},\"sameAs\":[\"http:\/\/lareinadelosponis.com\"],\"url\":\"https:\/\/lareinadelosponis.com\/index.php\/author\/lareinadelosponis-com\/\"}]}<\/script>\n<!-- \/ Yoast SEO plugin. -->","yoast_head_json":{"title":"Colonias - La Reina de los Ponis","robots":{"index":"index","follow":"follow","max-snippet":"max-snippet:-1","max-image-preview":"max-image-preview:large","max-video-preview":"max-video-preview:-1"},"canonical":"https:\/\/lareinadelosponis.com\/index.php\/colonias\/","og_locale":"es_ES","og_type":"article","og_title":"Colonias - La Reina de los Ponis","og_description":"Las colonias son la mejor opci\u00f3n para los per\u00edodos vacacionales de ni\u00f1os y j\u00f3venes. En nuestras colonias disfrutar\u00e1n de unos d\u00edas inolvidables con un variado programa de actividades deportivas y...","og_url":"https:\/\/lareinadelosponis.com\/index.php\/colonias\/","og_site_name":"La Reina de los Ponis","article_publisher":"https:\/\/www.facebook.com\/profile.php?id=100063868099753&locale=es_ES","article_modified_time":"2023-10-14T20:07:09+00:00","og_image":[{"width":935,"height":725,"url":"https:\/\/i0.wp.com\/lareinadelosponis.com\/wp-content\/uploads\/2023\/10\/Captura-de-pantalla-2023-10-11-003854.png?fit=935%2C725&ssl=1","type":"image\/png"}],"twitter_card":"summary_large_image","schema":{"@context":"https:\/\/schema.org","@graph":[{"@type":"Article","@id":"https:\/\/lareinadelosponis.com\/index.php\/colonias\/#article","isPartOf":{"@id":"https:\/\/lareinadelosponis.com\/index.php\/colonias\/"},"author":{"name":"lareinadelosponis.com","@id":"https:\/\/lareinadelosponis.com\/#\/schema\/person\/5ef8308e3e33229ecdd0e45547698e29"},"headline":"Colonias","datePublished":"2023-10-12T22:29:36+00:00","dateModified":"2023-10-14T20:07:09+00:00","mainEntityOfPage":{"@id":"https:\/\/lareinadelosponis.com\/index.php\/colonias\/"},"wordCount":52,"publisher":{"@id":"https:\/\/lareinadelosponis.com\/#organization"},"image":{"@id":"https:\/\/lareinadelosponis.com\/index.php\/colonias\/#primaryimage"},"thumbnailUrl":"https:\/\/lareinadelosponis.com\/wp-content\/uploads\/2023\/10\/Captura-de-pantalla-2023-10-11-003854.png","inLanguage":"es"},{"@type":"WebPage","@id":"https:\/\/lareinadelosponis.com\/index.php\/colonias\/","url":"https:\/\/lareinadelosponis.com\/index.php\/colonias\/","name":"Colonias - La Reina de los Ponis","isPartOf":{"@id":"https:\/\/lareinadelosponis.com\/#website"},"primaryImageOfPage":{"@id":"https:\/\/lareinadelosponis.com\/index.php\/colonias\/#primaryimage"},"image":{"@id":"https:\/\/lareinadelosponis.com\/index.php\/colonias\/#primaryimage"},"thumbnailUrl":"https:\/\/lareinadelosponis.com\/wp-content\/uploads\/2023\/10\/Captura-de-pantalla-2023-10-11-003854.png","datePublished":"2023-10-12T22:29:36+00:00","dateModified":"2023-10-14T20:07:09+00:00","breadcrumb":{"@id":"https:\/\/lareinadelosponis.com\/index.php\/colonias\/#breadcrumb"},"inLanguage":"es","potentialAction":[{"@type":"ReadAction","target":["https:\/\/lareinadelosponis.com\/index.php\/colonias\/"]}]},{"@type":"ImageObject","inLanguage":"es","@id":"https:\/\/lareinadelosponis.com\/index.php\/colonias\/#primaryimage","url":"https:\/\/lareinadelosponis.com\/wp-content\/uploads\/2023\/10\/Captura-de-pantalla-2023-10-11-003854.png","contentUrl":"https:\/\/lareinadelosponis.com\/wp-content\/uploads\/2023\/10\/Captura-de-pantalla-2023-10-11-003854.png","width":935,"height":725},{"@type":"BreadcrumbList","@id":"https:\/\/lareinadelosponis.com\/index.php\/colonias\/#breadcrumb","itemListElement":[{"@type":"ListItem","position":1,"name":"Portada","item":"https:\/\/lareinadelosponis.com\/"},{"@type":"ListItem","position":2,"name":"Colonias"}]},{"@type":"WebSite","@id":"https:\/\/lareinadelosponis.com\/#website","url":"https:\/\/lareinadelosponis.com\/","name":"La Reina de los Ponis","description":"Escuela de Equitaci\u00f3n La Reina de Los Ponis","publisher":{"@id":"https:\/\/lareinadelosponis.com\/#organization"},"alternateName":"Escuela de Equitaci\u00f3n La Reina de Los Ponis","potentialAction":[{"@type":"SearchAction","target":{"@type":"EntryPoint","urlTemplate":"https:\/\/lareinadelosponis.com\/?s={search_term_string}"},"query-input":{"@type":"PropertyValueSpecification","valueRequired":true,"valueName":"search_term_string"}}],"inLanguage":"es"},{"@type":"Organization","@id":"https:\/\/lareinadelosponis.com\/#organization","name":"Esceuela de Equitaci\u00f3n La Reina de los Ponis","alternateName":"La Reina de los Ponis","url":"https:\/\/lareinadelosponis.com\/","logo":{"@type":"ImageObject","inLanguage":"es","@id":"https:\/\/lareinadelosponis.com\/#\/schema\/logo\/image\/","url":"https:\/\/lareinadelosponis.com\/wp-content\/uploads\/2023\/10\/cropped-Diseno-sin-titulo-1.png","contentUrl":"https:\/\/lareinadelosponis.com\/wp-content\/uploads\/2023\/10\/cropped-Diseno-sin-titulo-1.png","width":344,"height":344,"caption":"Esceuela de Equitaci\u00f3n La Reina de los Ponis"},"image":{"@id":"https:\/\/lareinadelosponis.com\/#\/schema\/logo\/image\/"},"sameAs":["https:\/\/www.facebook.com\/profile.php?id=100063868099753&locale=es_ES","https:\/\/www.instagram.com\/lareinadelosponis\/"]},{"@type":"Person","@id":"https:\/\/lareinadelosponis.com\/#\/schema\/person\/5ef8308e3e33229ecdd0e45547698e29","name":"lareinadelosponis.com","image":{"@type":"ImageObject","inLanguage":"es","@id":"https:\/\/lareinadelosponis.com\/#\/schema\/person\/image\/","url":"https:\/\/secure.gravatar.com\/avatar\/8137c35a2e57c60a30f51559b245c99f?s=96&d=mm&r=g","contentUrl":"https:\/\/secure.gravatar.com\/avatar\/8137c35a2e57c60a30f51559b245c99f?s=96&d=mm&r=g","caption":"lareinadelosponis.com"},"sameAs":["http:\/\/lareinadelosponis.com"],"url":"https:\/\/lareinadelosponis.com\/index.php\/author\/lareinadelosponis-com\/"}]}},"_links":{"self":[{"href":"https:\/\/lareinadelosponis.com\/index.php\/wp-json\/wp\/v2\/pages\/70","targetHints":{"allow":["GET"]}}],"collection":[{"href":"https:\/\/lareinadelosponis.com\/index.php\/wp-json\/wp\/v2\/pages"}],"about":[{"href":"https:\/\/lareinadelosponis.com\/index.php\/wp-json\/wp\/v2\/types\/page"}],"author":[{"embeddable":true,"href":"https:\/\/lareinadelosponis.com\/index.php\/wp-json\/wp\/v2\/users\/1"}],"replies":[{"embeddable":true,"href":"https:\/\/lareinadelosponis.com\/index.php\/wp-json\/wp\/v2\/comments?post=70"}],"version-history":[{"count":2,"href":"https:\/\/lareinadelosponis.com\/index.php\/wp-json\/wp\/v2\/pages\/70\/revisions"}],"predecessor-version":[{"id":198,"href":"https:\/\/lareinadelosponis.com\/index.php\/wp-json\/wp\/v2\/pages\/70\/revisions\/198"}],"wp:featuredmedia":[{"embeddable":true,"href":"https:\/\/lareinadelosponis.com\/index.php\/wp-json\/wp\/v2\/media\/71"}],"wp:attachment":[{"href":"https:\/\/lareinadelosponis.com\/index.php\/wp-json\/wp\/v2\/media?parent=70"}],"curies":[{"name":"wp","href":"https:\/\/api.w.org\/{rel}","templated":true}]}}