{"id":87,"date":"2023-10-13T05:17:43","date_gmt":"2023-10-13T03:17:43","guid":{"rendered":"https:\/\/lareinadelosponis.com\/?page_id=87"},"modified":"2023-10-14T22:05:03","modified_gmt":"2023-10-14T20:05:03","slug":"colegios","status":"publish","type":"page","link":"https:\/\/lareinadelosponis.com\/index.php\/colegios\/","title":{"rendered":"Colegios y eventos"},"content":{"rendered":"\n<p class=\"has-medium-font-size\">Organizamos divertidas jornadas para grupos escolares en nuestro centro h\u00edpico o nos desplazamos con nuestros ponis a los colegios u otros lugares con actividades para acercar el mundo de los caballos y la equitaci\u00f3n a los m\u00e1s peque\u00f1os.<\/p>\n\n\n\n<iframe loading=\"lazy\" title=\"La Reina de los Ponis en Conexi\u00f3n Asturias TPA\" width=\"640\" height=\"360\" src=\"https:\/\/www.youtube.com\/embed\/GS5E5JEzKdE?feature=oembed\" frameborder=\"0\" allow=\"accelerometer; autoplay; clipboard-write; encrypted-media; gyroscope; picture-in-picture; web-share\" referrerpolicy=\"strict-origin-when-cross-origin\" allowfullscreen><\/iframe>\n","protected":false},"excerpt":{"rendered":"<p>Organizamos divertidas jornadas para grupos escolares en nuestro centro h\u00edpico o nos desplazamos con nuestros ponis a los colegios u otros lugares con actividades para acercar el mundo de los&#8230;<\/p>\n","protected":false},"author":1,"featured_media":163,"parent":0,"menu_order":0,"comment_status":"closed","ping_status":"closed","template":"","meta":{"footnotes":""},"class_list":["post-87","page","type-page","status-publish","has-post-thumbnail","hentry"],"aioseo_notices":[],"yoast_head":"<!-- This site is optimized with the Yoast SEO plugin v26.8 - https:\/\/yoast.com\/product\/yoast-seo-wordpress\/ -->\n<title>Colegios y eventos - La Reina de los Ponis<\/title>\n<meta name=\"robots\" content=\"index, follow, max-snippet:-1, max-image-preview:large, max-video-preview:-1\" \/>\n<link rel=\"canonical\" href=\"https:\/\/lareinadelosponis.com\/index.php\/colegios\/\" \/>\n<meta property=\"og:locale\" content=\"es_ES\" \/>\n<meta property=\"og:type\" content=\"article\" \/>\n<meta property=\"og:title\" content=\"Colegios y eventos - La Reina de los Ponis\" \/>\n<meta property=\"og:description\" content=\"Organizamos divertidas jornadas para grupos escolares en nuestro centro h\u00edpico o nos desplazamos con nuestros ponis a los colegios u otros lugares con actividades para acercar el mundo de los...\" \/>\n<meta property=\"og:url\" content=\"https:\/\/lareinadelosponis.com\/index.php\/colegios\/\" \/>\n<meta property=\"og:site_name\" content=\"La Reina de los Ponis\" \/>\n<meta property=\"article:publisher\" content=\"https:\/\/www.facebook.com\/profile.php?id=100063868099753&amp;locale=es_ES\" \/>\n<meta property=\"article:modified_time\" content=\"2023-10-14T20:05:03+00:00\" \/>\n<meta property=\"og:image\" content=\"https:\/\/i0.wp.com\/lareinadelosponis.com\/wp-content\/uploads\/2023\/10\/Captura-de-pantalla-2023-10-11-0026391-2.png?fit=885%2C885&ssl=1\" \/>\n\t<meta property=\"og:image:width\" content=\"885\" \/>\n\t<meta property=\"og:image:height\" content=\"885\" \/>\n\t<meta property=\"og:image:type\" content=\"image\/png\" \/>\n<meta name=\"twitter:card\" content=\"summary_large_image\" \/>\n<script type=\"application\/ld+json\" class=\"yoast-schema-graph\">{\"@context\":\"https:\/\/schema.org\",\"@graph\":[{\"@type\":\"Article\",\"@id\":\"https:\/\/lareinadelosponis.com\/index.php\/colegios\/#article\",\"isPartOf\":{\"@id\":\"https:\/\/lareinadelosponis.com\/index.php\/colegios\/\"},\"author\":{\"name\":\"lareinadelosponis.com\",\"@id\":\"https:\/\/lareinadelosponis.com\/#\/schema\/person\/5ef8308e3e33229ecdd0e45547698e29\"},\"headline\":\"Colegios y eventos\",\"datePublished\":\"2023-10-13T03:17:43+00:00\",\"dateModified\":\"2023-10-14T20:05:03+00:00\",\"mainEntityOfPage\":{\"@id\":\"https:\/\/lareinadelosponis.com\/index.php\/colegios\/\"},\"wordCount\":51,\"publisher\":{\"@id\":\"https:\/\/lareinadelosponis.com\/#organization\"},\"image\":{\"@id\":\"https:\/\/lareinadelosponis.com\/index.php\/colegios\/#primaryimage\"},\"thumbnailUrl\":\"https:\/\/lareinadelosponis.com\/wp-content\/uploads\/2023\/10\/Captura-de-pantalla-2023-10-11-0026391-2.png\",\"inLanguage\":\"es\"},{\"@type\":\"WebPage\",\"@id\":\"https:\/\/lareinadelosponis.com\/index.php\/colegios\/\",\"url\":\"https:\/\/lareinadelosponis.com\/index.php\/colegios\/\",\"name\":\"Colegios y eventos - La Reina de los Ponis\",\"isPartOf\":{\"@id\":\"https:\/\/lareinadelosponis.com\/#website\"},\"primaryImageOfPage\":{\"@id\":\"https:\/\/lareinadelosponis.com\/index.php\/colegios\/#primaryimage\"},\"image\":{\"@id\":\"https:\/\/lareinadelosponis.com\/index.php\/colegios\/#primaryimage\"},\"thumbnailUrl\":\"https:\/\/lareinadelosponis.com\/wp-content\/uploads\/2023\/10\/Captura-de-pantalla-2023-10-11-0026391-2.png\",\"datePublished\":\"2023-10-13T03:17:43+00:00\",\"dateModified\":\"2023-10-14T20:05:03+00:00\",\"breadcrumb\":{\"@id\":\"https:\/\/lareinadelosponis.com\/index.php\/colegios\/#breadcrumb\"},\"inLanguage\":\"es\",\"potentialAction\":[{\"@type\":\"ReadAction\",\"target\":[\"https:\/\/lareinadelosponis.com\/index.php\/colegios\/\"]}]},{\"@type\":\"ImageObject\",\"inLanguage\":\"es\",\"@id\":\"https:\/\/lareinadelosponis.com\/index.php\/colegios\/#primaryimage\",\"url\":\"https:\/\/lareinadelosponis.com\/wp-content\/uploads\/2023\/10\/Captura-de-pantalla-2023-10-11-0026391-2.png\",\"contentUrl\":\"https:\/\/lareinadelosponis.com\/wp-content\/uploads\/2023\/10\/Captura-de-pantalla-2023-10-11-0026391-2.png\",\"width\":885,\"height\":885},{\"@type\":\"BreadcrumbList\",\"@id\":\"https:\/\/lareinadelosponis.com\/index.php\/colegios\/#breadcrumb\",\"itemListElement\":[{\"@type\":\"ListItem\",\"position\":1,\"name\":\"Portada\",\"item\":\"https:\/\/lareinadelosponis.com\/\"},{\"@type\":\"ListItem\",\"position\":2,\"name\":\"Colegios y eventos\"}]},{\"@type\":\"WebSite\",\"@id\":\"https:\/\/lareinadelosponis.com\/#website\",\"url\":\"https:\/\/lareinadelosponis.com\/\",\"name\":\"La Reina de los Ponis\",\"description\":\"Escuela de Equitaci\u00f3n La Reina de Los Ponis\",\"publisher\":{\"@id\":\"https:\/\/lareinadelosponis.com\/#organization\"},\"alternateName\":\"Escuela de Equitaci\u00f3n La Reina de Los Ponis\",\"potentialAction\":[{\"@type\":\"SearchAction\",\"target\":{\"@type\":\"EntryPoint\",\"urlTemplate\":\"https:\/\/lareinadelosponis.com\/?s={search_term_string}\"},\"query-input\":{\"@type\":\"PropertyValueSpecification\",\"valueRequired\":true,\"valueName\":\"search_term_string\"}}],\"inLanguage\":\"es\"},{\"@type\":\"Organization\",\"@id\":\"https:\/\/lareinadelosponis.com\/#organization\",\"name\":\"Esceuela de Equitaci\u00f3n La Reina de los Ponis\",\"alternateName\":\"La Reina de los Ponis\",\"url\":\"https:\/\/lareinadelosponis.com\/\",\"logo\":{\"@type\":\"ImageObject\",\"inLanguage\":\"es\",\"@id\":\"https:\/\/lareinadelosponis.com\/#\/schema\/logo\/image\/\",\"url\":\"https:\/\/lareinadelosponis.com\/wp-content\/uploads\/2023\/10\/cropped-Diseno-sin-titulo-1.png\",\"contentUrl\":\"https:\/\/lareinadelosponis.com\/wp-content\/uploads\/2023\/10\/cropped-Diseno-sin-titulo-1.png\",\"width\":344,\"height\":344,\"caption\":\"Esceuela de Equitaci\u00f3n La Reina de los Ponis\"},\"image\":{\"@id\":\"https:\/\/lareinadelosponis.com\/#\/schema\/logo\/image\/\"},\"sameAs\":[\"https:\/\/www.facebook.com\/profile.php?id=100063868099753&locale=es_ES\",\"https:\/\/www.instagram.com\/lareinadelosponis\/\"]},{\"@type\":\"Person\",\"@id\":\"https:\/\/lareinadelosponis.com\/#\/schema\/person\/5ef8308e3e33229ecdd0e45547698e29\",\"name\":\"lareinadelosponis.com\",\"image\":{\"@type\":\"ImageObject\",\"inLanguage\":\"es\",\"@id\":\"https:\/\/lareinadelosponis.com\/#\/schema\/person\/image\/\",\"url\":\"https:\/\/secure.gravatar.com\/avatar\/8137c35a2e57c60a30f51559b245c99f?s=96&d=mm&r=g\",\"contentUrl\":\"https:\/\/secure.gravatar.com\/avatar\/8137c35a2e57c60a30f51559b245c99f?s=96&d=mm&r=g\",\"caption\":\"lareinadelosponis.com\"},\"sameAs\":[\"http:\/\/lareinadelosponis.com\"],\"url\":\"https:\/\/lareinadelosponis.com\/index.php\/author\/lareinadelosponis-com\/\"}]}<\/script>\n<!-- \/ Yoast SEO plugin. -->","yoast_head_json":{"title":"Colegios y eventos - La Reina de los Ponis","robots":{"index":"index","follow":"follow","max-snippet":"max-snippet:-1","max-image-preview":"max-image-preview:large","max-video-preview":"max-video-preview:-1"},"canonical":"https:\/\/lareinadelosponis.com\/index.php\/colegios\/","og_locale":"es_ES","og_type":"article","og_title":"Colegios y eventos - La Reina de los Ponis","og_description":"Organizamos divertidas jornadas para grupos escolares en nuestro centro h\u00edpico o nos desplazamos con nuestros ponis a los colegios u otros lugares con actividades para acercar el mundo de los...","og_url":"https:\/\/lareinadelosponis.com\/index.php\/colegios\/","og_site_name":"La Reina de los Ponis","article_publisher":"https:\/\/www.facebook.com\/profile.php?id=100063868099753&locale=es_ES","article_modified_time":"2023-10-14T20:05:03+00:00","og_image":[{"width":885,"height":885,"url":"https:\/\/i0.wp.com\/lareinadelosponis.com\/wp-content\/uploads\/2023\/10\/Captura-de-pantalla-2023-10-11-0026391-2.png?fit=885%2C885&ssl=1","type":"image\/png"}],"twitter_card":"summary_large_image","schema":{"@context":"https:\/\/schema.org","@graph":[{"@type":"Article","@id":"https:\/\/lareinadelosponis.com\/index.php\/colegios\/#article","isPartOf":{"@id":"https:\/\/lareinadelosponis.com\/index.php\/colegios\/"},"author":{"name":"lareinadelosponis.com","@id":"https:\/\/lareinadelosponis.com\/#\/schema\/person\/5ef8308e3e33229ecdd0e45547698e29"},"headline":"Colegios y eventos","datePublished":"2023-10-13T03:17:43+00:00","dateModified":"2023-10-14T20:05:03+00:00","mainEntityOfPage":{"@id":"https:\/\/lareinadelosponis.com\/index.php\/colegios\/"},"wordCount":51,"publisher":{"@id":"https:\/\/lareinadelosponis.com\/#organization"},"image":{"@id":"https:\/\/lareinadelosponis.com\/index.php\/colegios\/#primaryimage"},"thumbnailUrl":"https:\/\/lareinadelosponis.com\/wp-content\/uploads\/2023\/10\/Captura-de-pantalla-2023-10-11-0026391-2.png","inLanguage":"es"},{"@type":"WebPage","@id":"https:\/\/lareinadelosponis.com\/index.php\/colegios\/","url":"https:\/\/lareinadelosponis.com\/index.php\/colegios\/","name":"Colegios y eventos - La Reina de los Ponis","isPartOf":{"@id":"https:\/\/lareinadelosponis.com\/#website"},"primaryImageOfPage":{"@id":"https:\/\/lareinadelosponis.com\/index.php\/colegios\/#primaryimage"},"image":{"@id":"https:\/\/lareinadelosponis.com\/index.php\/colegios\/#primaryimage"},"thumbnailUrl":"https:\/\/lareinadelosponis.com\/wp-content\/uploads\/2023\/10\/Captura-de-pantalla-2023-10-11-0026391-2.png","datePublished":"2023-10-13T03:17:43+00:00","dateModified":"2023-10-14T20:05:03+00:00","breadcrumb":{"@id":"https:\/\/lareinadelosponis.com\/index.php\/colegios\/#breadcrumb"},"inLanguage":"es","potentialAction":[{"@type":"ReadAction","target":["https:\/\/lareinadelosponis.com\/index.php\/colegios\/"]}]},{"@type":"ImageObject","inLanguage":"es","@id":"https:\/\/lareinadelosponis.com\/index.php\/colegios\/#primaryimage","url":"https:\/\/lareinadelosponis.com\/wp-content\/uploads\/2023\/10\/Captura-de-pantalla-2023-10-11-0026391-2.png","contentUrl":"https:\/\/lareinadelosponis.com\/wp-content\/uploads\/2023\/10\/Captura-de-pantalla-2023-10-11-0026391-2.png","width":885,"height":885},{"@type":"BreadcrumbList","@id":"https:\/\/lareinadelosponis.com\/index.php\/colegios\/#breadcrumb","itemListElement":[{"@type":"ListItem","position":1,"name":"Portada","item":"https:\/\/lareinadelosponis.com\/"},{"@type":"ListItem","position":2,"name":"Colegios y eventos"}]},{"@type":"WebSite","@id":"https:\/\/lareinadelosponis.com\/#website","url":"https:\/\/lareinadelosponis.com\/","name":"La Reina de los Ponis","description":"Escuela de Equitaci\u00f3n La Reina de Los Ponis","publisher":{"@id":"https:\/\/lareinadelosponis.com\/#organization"},"alternateName":"Escuela de Equitaci\u00f3n La Reina de Los Ponis","potentialAction":[{"@type":"SearchAction","target":{"@type":"EntryPoint","urlTemplate":"https:\/\/lareinadelosponis.com\/?s={search_term_string}"},"query-input":{"@type":"PropertyValueSpecification","valueRequired":true,"valueName":"search_term_string"}}],"inLanguage":"es"},{"@type":"Organization","@id":"https:\/\/lareinadelosponis.com\/#organization","name":"Esceuela de Equitaci\u00f3n La Reina de los Ponis","alternateName":"La Reina de los Ponis","url":"https:\/\/lareinadelosponis.com\/","logo":{"@type":"ImageObject","inLanguage":"es","@id":"https:\/\/lareinadelosponis.com\/#\/schema\/logo\/image\/","url":"https:\/\/lareinadelosponis.com\/wp-content\/uploads\/2023\/10\/cropped-Diseno-sin-titulo-1.png","contentUrl":"https:\/\/lareinadelosponis.com\/wp-content\/uploads\/2023\/10\/cropped-Diseno-sin-titulo-1.png","width":344,"height":344,"caption":"Esceuela de Equitaci\u00f3n La Reina de los Ponis"},"image":{"@id":"https:\/\/lareinadelosponis.com\/#\/schema\/logo\/image\/"},"sameAs":["https:\/\/www.facebook.com\/profile.php?id=100063868099753&locale=es_ES","https:\/\/www.instagram.com\/lareinadelosponis\/"]},{"@type":"Person","@id":"https:\/\/lareinadelosponis.com\/#\/schema\/person\/5ef8308e3e33229ecdd0e45547698e29","name":"lareinadelosponis.com","image":{"@type":"ImageObject","inLanguage":"es","@id":"https:\/\/lareinadelosponis.com\/#\/schema\/person\/image\/","url":"https:\/\/secure.gravatar.com\/avatar\/8137c35a2e57c60a30f51559b245c99f?s=96&d=mm&r=g","contentUrl":"https:\/\/secure.gravatar.com\/avatar\/8137c35a2e57c60a30f51559b245c99f?s=96&d=mm&r=g","caption":"lareinadelosponis.com"},"sameAs":["http:\/\/lareinadelosponis.com"],"url":"https:\/\/lareinadelosponis.com\/index.php\/author\/lareinadelosponis-com\/"}]}},"_links":{"self":[{"href":"https:\/\/lareinadelosponis.com\/index.php\/wp-json\/wp\/v2\/pages\/87","targetHints":{"allow":["GET"]}}],"collection":[{"href":"https:\/\/lareinadelosponis.com\/index.php\/wp-json\/wp\/v2\/pages"}],"about":[{"href":"https:\/\/lareinadelosponis.com\/index.php\/wp-json\/wp\/v2\/types\/page"}],"author":[{"embeddable":true,"href":"https:\/\/lareinadelosponis.com\/index.php\/wp-json\/wp\/v2\/users\/1"}],"replies":[{"embeddable":true,"href":"https:\/\/lareinadelosponis.com\/index.php\/wp-json\/wp\/v2\/comments?post=87"}],"version-history":[{"count":11,"href":"https:\/\/lareinadelosponis.com\/index.php\/wp-json\/wp\/v2\/pages\/87\/revisions"}],"predecessor-version":[{"id":195,"href":"https:\/\/lareinadelosponis.com\/index.php\/wp-json\/wp\/v2\/pages\/87\/revisions\/195"}],"wp:featuredmedia":[{"embeddable":true,"href":"https:\/\/lareinadelosponis.com\/index.php\/wp-json\/wp\/v2\/media\/163"}],"wp:attachment":[{"href":"https:\/\/lareinadelosponis.com\/index.php\/wp-json\/wp\/v2\/media?parent=87"}],"curies":[{"name":"wp","href":"https:\/\/api.w.org\/{rel}","templated":true}]}}